{"id":2703,"date":"2024-07-03T13:16:09","date_gmt":"2024-07-03T13:16:09","guid":{"rendered":"https:\/\/academus-bm.com\/?page_id=2703"},"modified":"2024-07-10T13:48:37","modified_gmt":"2024-07-10T13:48:37","slug":"conseil-en-strategie","status":"publish","type":"page","link":"https:\/\/academus-bm.com\/index.php\/services\/conseil-en-strategie\/","title":{"rendered":"Conseil en Strat\u00e9gie"},"content":{"rendered":"\t\t<div data-elementor-type=\"wp-page\" data-elementor-id=\"2703\" class=\"elementor elementor-2703\">\n\t\t\t\t\t\t\t\t\t<section class=\"elementor-section elementor-top-section elementor-element elementor-element-27b70d65 elementor-section-boxed elementor-section-height-default elementor-section-height-default\" data-id=\"27b70d65\" data-element_type=\"section\" data-settings=\"{&quot;background_background&quot;:&quot;slideshow&quot;,&quot;background_slideshow_gallery&quot;:[{&quot;id&quot;:1203,&quot;url&quot;:&quot;https:\\\/\\\/gaviaspreview.com\\\/wp\\\/conult\\\/wp-content\\\/uploads\\\/2021\\\/12\\\/bg-9.jpg&quot;},{&quot;id&quot;:1008,&quot;url&quot;:&quot;https:\\\/\\\/gaviaspreview.com\\\/wp\\\/conult\\\/wp-content\\\/uploads\\\/2021\\\/10\\\/breadcrumb.jpg&quot;}],&quot;background_slideshow_ken_burns&quot;:&quot;yes&quot;,&quot;background_slideshow_loop&quot;:&quot;yes&quot;,&quot;background_slideshow_slide_duration&quot;:5000,&quot;background_slideshow_slide_transition&quot;:&quot;fade&quot;,&quot;background_slideshow_transition_duration&quot;:500,&quot;background_slideshow_ken_burns_zoom_direction&quot;:&quot;in&quot;}\">\n\t\t\t\t\t\t<div class=\"elementor-container elementor-column-gap-default\">\n\t\t\t\t\t<div class=\"elementor-column elementor-col-100 elementor-top-column elementor-element elementor-element-2bd58da3\" data-id=\"2bd58da3\" data-element_type=\"column\">\n\t\t\t<div class=\"elementor-widget-wrap elementor-element-populated\">\n\t\t\t\t\t\t\t\t<div class=\"elementor-element elementor-element-34781ec0 elementor-widget elementor-widget-gva-heading-block\" data-id=\"34781ec0\" data-element_type=\"widget\" data-widget_type=\"gva-heading-block.default\">\n\t\t\t\t<div class=\"elementor-widget-container\">\n\t\t\t<div class=\"gva-element-gva-heading-block gva-element\">   <div class=\"align-center style-1 widget gsc-heading box-align-left auto-responsive\">\r\n      <div class=\"content-inner\">\r\n         \r\n         \r\n         \r\n           \r\n         \r\n                     <h2 class=\"title\">\r\n               <span>Conseil en Strat\u00e9gie<\/span>\r\n            <\/h2>\r\n                              <div class=\"title-desc\">Lib\u00e9rez tout le potentiel de votre entreprise gr\u00e2ce au savoir-faire d'experts en Strat\u00e9gie\n<\/div>\r\n         \r\n         \r\n      <\/div>\r\n   <\/div>\r\n<\/div>\t\t<\/div>\n\t\t\t\t<\/div>\n\t\t\t\t\t<\/div>\n\t\t<\/div>\n\t\t\t\t\t\t\t<\/div>\n\t\t<\/section>\n\t\t\t\t<section class=\"elementor-section elementor-top-section elementor-element elementor-element-2efe606e elementor-section-boxed elementor-section-height-default elementor-section-height-default\" data-id=\"2efe606e\" data-element_type=\"section\">\n\t\t\t\t\t\t<div class=\"elementor-container elementor-column-gap-default\">\n\t\t\t\t\t<div class=\"elementor-column elementor-col-50 elementor-top-column elementor-element elementor-element-6e0fcd45\" data-id=\"6e0fcd45\" data-element_type=\"column\">\n\t\t\t<div class=\"elementor-widget-wrap elementor-element-populated\">\n\t\t\t\t\t\t\t\t<section class=\"elementor-section elementor-inner-section elementor-element elementor-element-404ea4c elementor-section-content-top elementor-section-boxed elementor-section-height-default elementor-section-height-default\" data-id=\"404ea4c\" data-element_type=\"section\" data-settings=\"{&quot;background_background&quot;:&quot;classic&quot;}\">\n\t\t\t\t\t\t<div class=\"elementor-container elementor-column-gap-default\">\n\t\t\t\t\t<div class=\"elementor-column elementor-col-100 elementor-inner-column elementor-element elementor-element-6f22d511\" data-id=\"6f22d511\" data-element_type=\"column\">\n\t\t\t<div class=\"elementor-widget-wrap elementor-element-populated\">\n\t\t\t\t\t\t\t\t<div class=\"elementor-element elementor-element-3f06d922 elementor-widget elementor-widget-heading\" data-id=\"3f06d922\" data-element_type=\"widget\" data-widget_type=\"heading.default\">\n\t\t\t\t<div class=\"elementor-widget-container\">\n\t\t\t<style>\/*! elementor - v3.14.0 - 26-06-2023 *\/\n.elementor-heading-title{padding:0;margin:0;line-height:1}.elementor-widget-heading .elementor-heading-title[class*=elementor-size-]>a{color:inherit;font-size:inherit;line-height:inherit}.elementor-widget-heading .elementor-heading-title.elementor-size-small{font-size:15px}.elementor-widget-heading .elementor-heading-title.elementor-size-medium{font-size:19px}.elementor-widget-heading .elementor-heading-title.elementor-size-large{font-size:29px}.elementor-widget-heading .elementor-heading-title.elementor-size-xl{font-size:39px}.elementor-widget-heading .elementor-heading-title.elementor-size-xxl{font-size:59px}<\/style><h2 class=\"elementor-heading-title elementor-size-default\">Si vous \u00eates pr\u00eat \u00e0 transformer votre entreprise et \u00e0 atteindre de nouveaux sommets de r\u00e9ussite, contactez-nous d\u00e8s aujourd'hui. <\/h2>\t\t<\/div>\n\t\t\t\t<\/div>\n\t\t\t\t<div class=\"elementor-element elementor-element-7dab3e91 elementor-view-stacked elementor-vertical-align-bottom elementor-shape-square elementor-mobile-position-top elementor-widget elementor-widget-icon-box\" data-id=\"7dab3e91\" data-element_type=\"widget\" data-widget_type=\"icon-box.default\">\n\t\t\t\t<div class=\"elementor-widget-container\">\n\t\t\t<link rel=\"stylesheet\" href=\"https:\/\/academus-bm.com\/wp-content\/plugins\/elementor\/assets\/css\/widget-icon-box.min.css\">\t\t<div class=\"elementor-icon-box-wrapper\">\n\t\t\t\t\t\t<div class=\"elementor-icon-box-icon\">\n\t\t\t\t<span class=\"elementor-icon elementor-animation-\" >\n\t\t\t\t<i aria-hidden=\"true\" class=\" icon-conult-phone\"><\/i>\t\t\t\t<\/span>\n\t\t\t<\/div>\n\t\t\t\t\t\t<div class=\"elementor-icon-box-content\">\n\t\t\t\t<h3 class=\"elementor-icon-box-title\">\n\t\t\t\t\t<span  >\n\t\t\t\t\t\t\t\t\t\t\t<\/span>\n\t\t\t\t<\/h3>\n\t\t\t\t\t\t\t\t\t<p class=\"elementor-icon-box-description\">\n\t\t\t\t\t\t+212522233992\t\t\t\t\t<\/p>\n\t\t\t\t\t\t\t<\/div>\n\t\t<\/div>\n\t\t\t\t<\/div>\n\t\t\t\t<\/div>\n\t\t\t\t\t<\/div>\n\t\t<\/div>\n\t\t\t\t\t\t\t<\/div>\n\t\t<\/section>\n\t\t\t\t\t<\/div>\n\t\t<\/div>\n\t\t\t\t<div class=\"elementor-column elementor-col-50 elementor-top-column elementor-element elementor-element-5ea3ecda\" data-id=\"5ea3ecda\" data-element_type=\"column\">\n\t\t\t<div class=\"elementor-widget-wrap elementor-element-populated\">\n\t\t\t\t\t\t\t\t<div class=\"elementor-element elementor-element-625b7b31 elementor-widget elementor-widget-text-editor\" data-id=\"625b7b31\" data-element_type=\"widget\" data-widget_type=\"text-editor.default\">\n\t\t\t\t<div class=\"elementor-widget-container\">\n\t\t\t<style>\/*! elementor - v3.14.0 - 26-06-2023 *\/\n.elementor-widget-text-editor.elementor-drop-cap-view-stacked .elementor-drop-cap{background-color:#69727d;color:#fff}.elementor-widget-text-editor.elementor-drop-cap-view-framed .elementor-drop-cap{color:#69727d;border:3px solid;background-color:transparent}.elementor-widget-text-editor:not(.elementor-drop-cap-view-default) .elementor-drop-cap{margin-top:8px}.elementor-widget-text-editor:not(.elementor-drop-cap-view-default) .elementor-drop-cap-letter{width:1em;height:1em}.elementor-widget-text-editor .elementor-drop-cap{float:left;text-align:center;line-height:1;font-size:50px}.elementor-widget-text-editor .elementor-drop-cap-letter{display:inline-block}<\/style>\t\t\t\t<p>Face \u00e0 la comp\u00e9titivit\u00e9 accrue et aux nouveaux enjeux de croissance, nos \u00e9quipes et nos experts travaillent en \u00e9troite collaboration avec nos clients \u00e0 la mise en place de solutions sur mesure pour les aider \u00e0 cro\u00eetre, \u00e0 cr\u00e9er de la valeur et \u00e0 faire face \u00e0 leurs d\u00e9fis strat\u00e9giques les plus complexes. Nous construisons ensemble avec nos clients une d\u00e9marche compl\u00e8te et rigoureuse d\u2019aide \u00e0 la d\u00e9cision allant de l\u2019\u00e9tape initiale du diagnostic et de compr\u00e9hension de leurs m\u00e9tiers et de leurs environnements, en passant par l\u2019\u00e9tape de formulation de la strat\u00e9gie et des alternatives possibles de d\u00e9veloppement, jusqu\u2019\u00e0 celle de mise en \u0153uvre \u00e0 travers des plans d\u2019actions op\u00e9rationnels adapt\u00e9s \u00e0 leurs ambitions et leurs ressources.<\/p>\t\t\t\t\t\t<\/div>\n\t\t\t\t<\/div>\n\t\t\t\t\t<\/div>\n\t\t<\/div>\n\t\t\t\t\t\t\t<\/div>\n\t\t<\/section>\n\t\t\t\t<section class=\"elementor-section elementor-top-section elementor-element elementor-element-1ca77166 elementor-section-boxed elementor-section-height-default elementor-section-height-default\" data-id=\"1ca77166\" data-element_type=\"section\">\n\t\t\t\t\t\t<div class=\"elementor-container elementor-column-gap-default\">\n\t\t\t\t\t<div class=\"elementor-column elementor-col-100 elementor-top-column elementor-element elementor-element-1faf9eb6\" data-id=\"1faf9eb6\" data-element_type=\"column\">\n\t\t\t<div class=\"elementor-widget-wrap elementor-element-populated\">\n\t\t\t\t\t\t\t\t<div class=\"elementor-element elementor-element-501761d6 elementor-widget elementor-widget-gva_icon_box_group\" data-id=\"501761d6\" data-element_type=\"widget\" data-widget_type=\"gva_icon_box_group.default\">\n\t\t\t\t<div class=\"elementor-widget-container\">\n\t\t\t<div class=\"gva-element-gva_icon_box_group gva-element\">\r\n<div class=\"gsc-icon-box-group layout-carousel swiper-slider-wrapper style-2 \">\r\n   <div class=\"swiper-content-inner\">\r\n      <div class=\"init-carousel-swiper swiper\" data-carousel=\"{&quot;items&quot;:3,&quot;items_lg&quot;:3,&quot;items_md&quot;:2,&quot;items_sm&quot;:2,&quot;items_xs&quot;:1,&quot;items_xx&quot;:1,&quot;effect&quot;:&quot;slide&quot;,&quot;space_between&quot;:30,&quot;loop&quot;:1,&quot;speed&quot;:600,&quot;autoplay&quot;:1,&quot;autoplay_delay&quot;:4500,&quot;autoplay_hover&quot;:1,&quot;navigation&quot;:1,&quot;pagination&quot;:0,&quot;dynamic_bullets&quot;:0,&quot;pagination_type&quot;:&quot;bullets&quot;}\">\r\n         <div class=\"swiper-wrapper\">\r\n                           <div class=\"swiper-slide\">\r\n                 <div class=\"icon-box-item elementor-repeater-item-d833a49\">\r\n\t<div class=\"icon-box-content\">\r\n\t\t\r\n\t\t\t\t\t\t\t\t\t<div class=\"box-icon\">\r\n\t\t\t\t\t<i aria-hidden=\"true\" class=\" icon-conult-help\"><\/i>\t\t\t\t<\/div>\r\n\t\t\t\r\n\t\t\t<div class=\"content-inner\">\r\n\t\t\t\t\t\t\t\t\t<h3 class=\"title\">Diagnostic strat\u00e9gique et op\u00e9rationnel <\/h3>\r\n\t\t\t\t\t\t\t\t\t\t\t<\/div>\t\r\n\r\n\t\t\t\r\n\r\n\t<\/div>  \t\r\n\t\t\t  <a href=\"#\" class=\"link-overlay\">\r\n\t\t\t \t\t  <\/a>\r\n\t\t  <\/div>               <\/div>\r\n                           <div class=\"swiper-slide\">\r\n                 <div class=\"icon-box-item elementor-repeater-item-b50c52e\">\r\n\t<div class=\"icon-box-content\">\r\n\t\t\r\n\t\t\t\t\t\t\t\t\t<div class=\"box-icon\">\r\n\t\t\t\t\t<i aria-hidden=\"true\" class=\" icon-conult-consultant\"><\/i>\t\t\t\t<\/div>\r\n\t\t\t\r\n\t\t\t<div class=\"content-inner\">\r\n\t\t\t\t\t\t\t\t\t<h3 class=\"title\">D\u00e9finition des orientations strat\u00e9giques et formulation de la strat\u00e9gie<\/h3>\r\n\t\t\t\t\t\t\t\t\t\t\t<\/div>\t\r\n\r\n\t\t\t\r\n\r\n\t<\/div>  \t\r\n\t\t\t  <a href=\"#\" class=\"link-overlay\">\r\n\t\t\t \t\t  <\/a>\r\n\t\t  <\/div>               <\/div>\r\n                           <div class=\"swiper-slide\">\r\n                 <div class=\"icon-box-item elementor-repeater-item-2c50c28\">\r\n\t<div class=\"icon-box-content\">\r\n\t\t\r\n\t\t\t\t\t\t\t\t\t<div class=\"box-icon\">\r\n\t\t\t\t\t<i aria-hidden=\"true\" class=\"icon-conult-consumer-behavior\"><\/i>\t\t\t\t<\/div>\r\n\t\t\t\r\n\t\t\t<div class=\"content-inner\">\r\n\t\t\t\t\t\t\t\t\t<h3 class=\"title\">Planification strat\u00e9gique et accompagnement dans la mise en \u0153uvre de la strat\u00e9gie<\/h3>\r\n\t\t\t\t\t\t\t\t\t\t\t<\/div>\t\r\n\r\n\t\t\t\r\n\r\n\t<\/div>  \t\r\n\t\t\t  <a href=\"#\" class=\"link-overlay\">\r\n\t\t\t \t\t  <\/a>\r\n\t\t  <\/div>               <\/div>\r\n                           <div class=\"swiper-slide\">\r\n                 <div class=\"icon-box-item elementor-repeater-item-c492c79\">\r\n\t<div class=\"icon-box-content\">\r\n\t\t\r\n\t\t\t\t\t\t\t\t\t<div class=\"box-icon\">\r\n\t\t\t\t\t<i aria-hidden=\"true\" class=\" icon-conult-strategy\"><\/i>\t\t\t\t<\/div>\r\n\t\t\t\r\n\t\t\t<div class=\"content-inner\">\r\n\t\t\t\t\t\t\t\t\t<h3 class=\"title\">\u00c9laboration de Business Plan<\/h3>\r\n\t\t\t\t\t\t\t\t\t\t\t<\/div>\t\r\n\r\n\t\t\t\r\n\r\n\t<\/div>  \t\r\n\t\t\t  <a href=\"#\" class=\"link-overlay\">\r\n\t\t\t \t\t  <\/a>\r\n\t\t  <\/div>               <\/div>\r\n                           <div class=\"swiper-slide\">\r\n                 <div class=\"icon-box-item elementor-repeater-item-ce444a6\">\r\n\t<div class=\"icon-box-content\">\r\n\t\t\r\n\t\t\t\t\t\t\t\t\t<div class=\"box-icon\">\r\n\t\t\t\t\t<i aria-hidden=\"true\" class=\"icon-conult-strategy\"><\/i>\t\t\t\t<\/div>\r\n\t\t\t\r\n\t\t\t<div class=\"content-inner\">\r\n\t\t\t\t\t\t\t\t\t<h3 class=\"title\">\u00c9tudes strat\u00e9giques et sectorielles<\/h3>\r\n\t\t\t\t\t\t\t\t\t\t\t<\/div>\t\r\n\r\n\t\t\t\r\n\r\n\t<\/div>  \t\r\n\t\t\t  <a href=\"#\" class=\"link-overlay\">\r\n\t\t\t \t\t  <\/a>\r\n\t\t  <\/div>               <\/div>\r\n                     <\/div>\r\n      <\/div>\r\n   <\/div>   \r\n   <div class=\"swiper-pagination\"><\/div>   <div class=\"swiper-nav-next\"><\/div><div class=\"swiper-nav-prev\"><\/div><\/div>\r\n<\/div>\t\t<\/div>\n\t\t\t\t<\/div>\n\t\t\t\t\t<\/div>\n\t\t<\/div>\n\t\t\t\t\t\t\t<\/div>\n\t\t<\/section>\n\t\t\t\t\t\t\t<\/div>\n\t\t","protected":false},"excerpt":{"rendered":"<p>Conseil en Strat\u00e9gie Lib\u00e9rez tout le potentiel de votre entreprise gr\u00e2ce au savoir-faire d&#8217;experts en Strat\u00e9gie Si vous \u00eates pr\u00eat \u00e0 transformer votre entreprise et \u00e0 atteindre de nouveaux sommets [&hellip;]<\/p>\n","protected":false},"author":1,"featured_media":0,"parent":161,"menu_order":0,"comment_status":"closed","ping_status":"closed","template":"","meta":{"inline_featured_image":false,"footnotes":""},"class_list":["post-2703","page","type-page","status-publish","hentry"],"_links":{"self":[{"href":"https:\/\/academus-bm.com\/index.php\/wp-json\/wp\/v2\/pages\/2703","targetHints":{"allow":["GET"]}}],"collection":[{"href":"https:\/\/academus-bm.com\/index.php\/wp-json\/wp\/v2\/pages"}],"about":[{"href":"https:\/\/academus-bm.com\/index.php\/wp-json\/wp\/v2\/types\/page"}],"author":[{"embeddable":true,"href":"https:\/\/academus-bm.com\/index.php\/wp-json\/wp\/v2\/users\/1"}],"replies":[{"embeddable":true,"href":"https:\/\/academus-bm.com\/index.php\/wp-json\/wp\/v2\/comments?post=2703"}],"version-history":[{"count":25,"href":"https:\/\/academus-bm.com\/index.php\/wp-json\/wp\/v2\/pages\/2703\/revisions"}],"predecessor-version":[{"id":3441,"href":"https:\/\/academus-bm.com\/index.php\/wp-json\/wp\/v2\/pages\/2703\/revisions\/3441"}],"up":[{"embeddable":true,"href":"https:\/\/academus-bm.com\/index.php\/wp-json\/wp\/v2\/pages\/161"}],"wp:attachment":[{"href":"https:\/\/academus-bm.com\/index.php\/wp-json\/wp\/v2\/media?parent=2703"}],"curies":[{"name":"wp","href":"https:\/\/api.w.org\/{rel}","templated":true}]}}